{"id":847,"date":"2022-06-05T13:28:12","date_gmt":"2022-06-05T11:28:12","guid":{"rendered":"https:\/\/zlomvaz.cz\/2022\/?page_id=847"},"modified":"2022-06-11T16:16:27","modified_gmt":"2022-06-11T14:16:27","slug":"redakce","status":"publish","type":"page","link":"https:\/\/zlomvaz.cz\/2022\/obratel\/redakce\/","title":{"rendered":"Redakce"},"content":{"rendered":"\n<p>Obratel je festivalov\u00fd zpravodaj pod z\u00e1\u0161titou studentek druh\u00e9ho ro\u010dn\u00edku Katedry teorie a kritiky na DAMU. Autorsk\u00fd okruh propojuje studenty AMU, V\u0160MU, UK a MUNI. Krom recenz\u00ed z divadeln\u00ed p\u0159ehl\u00eddky p\u0159ipravujeme rozhovory s tv\u016frci, report\u00e1\u017ee a dal\u0161\u00ed texty reflektuj\u00edc\u00ed festivalov\u00e9 d\u011bn\u00ed. <\/p>\n\n\n\n<h2 class=\"wp-block-heading\">\u0160\u00e9fredaktorky <\/h2>\n\n\n\n<div class=\"wp-block-media-text alignwide is-stacked-on-mobile\"><figure class=\"wp-block-media-text__media\"><img loading=\"lazy\" decoding=\"async\" width=\"1024\" height=\"768\" src=\"https:\/\/zlomvaz.cz\/2022\/wp-content\/uploads\/2022\/06\/R1-07346-0014-2-1024x768.jpg\" alt=\"\" class=\"wp-image-955 size-medium\" srcset=\"https:\/\/zlomvaz.cz\/2022\/wp-content\/uploads\/2022\/06\/R1-07346-0014-2-1024x768.jpg 1024w, https:\/\/zlomvaz.cz\/2022\/wp-content\/uploads\/2022\/06\/R1-07346-0014-2-300x225.jpg 300w, https:\/\/zlomvaz.cz\/2022\/wp-content\/uploads\/2022\/06\/R1-07346-0014-2-768x576.jpg 768w, https:\/\/zlomvaz.cz\/2022\/wp-content\/uploads\/2022\/06\/R1-07346-0014-2-1536x1152.jpg 1536w, https:\/\/zlomvaz.cz\/2022\/wp-content\/uploads\/2022\/06\/R1-07346-0014-2-1568x1176.jpg 1568w, https:\/\/zlomvaz.cz\/2022\/wp-content\/uploads\/2022\/06\/R1-07346-0014-2.jpg 1635w\" sizes=\"auto, (max-width: 1024px) 100vw, 1024px\" \/><\/figure><div class=\"wp-block-media-text__content\">\n<p class=\"has-large-font-size\" style=\"line-height:1.5\"><strong>Krist\u00fdna Vina\u0159ov\u00e1 <br><\/strong><br>KTK DAMU <br><br>\u201eDoporu\u010duju va\u0159en\u00ed, \u010deskej folk, \u0161pan\u011blsk\u00fd murder mysteries na Netflixu, mobiln\u00ed hru Lady Popular a bezc\u00edln\u00fd proch\u00e1zky.\u201c<\/p>\n<\/div><\/div>\n\n\n\n<div class=\"wp-block-media-text alignwide is-stacked-on-mobile\"><figure class=\"wp-block-media-text__media\"><img loading=\"lazy\" decoding=\"async\" width=\"1024\" height=\"768\" src=\"https:\/\/zlomvaz.cz\/2022\/wp-content\/uploads\/2022\/06\/R1-07346-0021-2-1024x768.jpg\" alt=\"\" class=\"wp-image-956 size-medium\" srcset=\"https:\/\/zlomvaz.cz\/2022\/wp-content\/uploads\/2022\/06\/R1-07346-0021-2-1024x768.jpg 1024w, https:\/\/zlomvaz.cz\/2022\/wp-content\/uploads\/2022\/06\/R1-07346-0021-2-300x225.jpg 300w, https:\/\/zlomvaz.cz\/2022\/wp-content\/uploads\/2022\/06\/R1-07346-0021-2-768x576.jpg 768w, https:\/\/zlomvaz.cz\/2022\/wp-content\/uploads\/2022\/06\/R1-07346-0021-2-1536x1152.jpg 1536w, https:\/\/zlomvaz.cz\/2022\/wp-content\/uploads\/2022\/06\/R1-07346-0021-2-1568x1176.jpg 1568w, https:\/\/zlomvaz.cz\/2022\/wp-content\/uploads\/2022\/06\/R1-07346-0021-2.jpg 1634w\" sizes=\"auto, (max-width: 1024px) 100vw, 1024px\" \/><\/figure><div class=\"wp-block-media-text__content\">\n<p class=\"has-large-font-size\"><strong>Barbora Smol\u00edkov\u00e1 <br><\/strong><br>KTK DAMU <br><br>\u201ePus\u0165te si naplno t\u00e1borov\u00fd p\u00edsni\u010dky, zp\u00edvejte z pln\u00fdch plic a um\u00fdvejte u toho n\u00e1dob\u00ed.\u201c<\/p>\n<\/div><\/div>\n\n\n\n<div class=\"wp-block-media-text alignwide is-stacked-on-mobile\"><figure class=\"wp-block-media-text__media\"><img loading=\"lazy\" decoding=\"async\" width=\"1024\" height=\"768\" src=\"https:\/\/zlomvaz.cz\/2022\/wp-content\/uploads\/2022\/06\/R1-07346-0017-2-1024x768.jpg\" alt=\"\" class=\"wp-image-957 size-medium\" srcset=\"https:\/\/zlomvaz.cz\/2022\/wp-content\/uploads\/2022\/06\/R1-07346-0017-2-1024x768.jpg 1024w, https:\/\/zlomvaz.cz\/2022\/wp-content\/uploads\/2022\/06\/R1-07346-0017-2-300x225.jpg 300w, https:\/\/zlomvaz.cz\/2022\/wp-content\/uploads\/2022\/06\/R1-07346-0017-2-768x576.jpg 768w, https:\/\/zlomvaz.cz\/2022\/wp-content\/uploads\/2022\/06\/R1-07346-0017-2-1536x1152.jpg 1536w, https:\/\/zlomvaz.cz\/2022\/wp-content\/uploads\/2022\/06\/R1-07346-0017-2-1568x1176.jpg 1568w, https:\/\/zlomvaz.cz\/2022\/wp-content\/uploads\/2022\/06\/R1-07346-0017-2.jpg 1635w\" sizes=\"auto, (max-width: 1024px) 100vw, 1024px\" \/><\/figure><div class=\"wp-block-media-text__content\">\n<p class=\"has-large-font-size\"><strong>S\u00e1ra Posp\u00ed\u0161ilov\u00e1 <br><\/strong><br>KTK DAMU<br><br>\u201ePus\u0165te si plyn.\u201c<\/p>\n<\/div><\/div>\n\n\n\n<h2 class=\"wp-block-heading\">\u0160ir\u0161\u00ed redakce<\/h2>\n\n\n\n<div class=\"wp-block-media-text alignwide is-stacked-on-mobile\"><figure class=\"wp-block-media-text__media\"><img loading=\"lazy\" decoding=\"async\" width=\"1024\" height=\"768\" src=\"https:\/\/zlomvaz.cz\/2022\/wp-content\/uploads\/2022\/06\/IMG-20210708-WA0052.jpg\" alt=\"\" class=\"wp-image-975 size-full\" srcset=\"https:\/\/zlomvaz.cz\/2022\/wp-content\/uploads\/2022\/06\/IMG-20210708-WA0052.jpg 1024w, https:\/\/zlomvaz.cz\/2022\/wp-content\/uploads\/2022\/06\/IMG-20210708-WA0052-300x225.jpg 300w, https:\/\/zlomvaz.cz\/2022\/wp-content\/uploads\/2022\/06\/IMG-20210708-WA0052-768x576.jpg 768w\" sizes=\"auto, (max-width: 1024px) 100vw, 1024px\" \/><\/figure><div class=\"wp-block-media-text__content\">\n<p class=\"has-large-font-size\"><strong>L\u00edvia Brachnov\u00e1<\/strong><\/p>\n\n\n\n<p class=\"has-large-font-size\">KD\u0160 V\u0160MU<\/p>\n\n\n\n<p class=\"has-large-font-size\">\u201eVy\u0161lapa\u0165 horu, dobre sa najes\u0165, vypo\u010du\u0165 si v\u00e1\u017enu hudbu, alebo necha\u0165 o\u010di aj du\u0161u v gal\u00e9rii.\u201c<\/p>\n<\/div><\/div>\n\n\n\n<div class=\"wp-block-media-text alignwide is-stacked-on-mobile\"><figure class=\"wp-block-media-text__media\"><img loading=\"lazy\" decoding=\"async\" width=\"1024\" height=\"768\" src=\"https:\/\/zlomvaz.cz\/2022\/wp-content\/uploads\/2022\/06\/Naty-1024x768.jpeg\" alt=\"\" class=\"wp-image-959 size-full\" srcset=\"https:\/\/zlomvaz.cz\/2022\/wp-content\/uploads\/2022\/06\/Naty-1024x768.jpeg 1024w, https:\/\/zlomvaz.cz\/2022\/wp-content\/uploads\/2022\/06\/Naty-300x225.jpeg 300w, https:\/\/zlomvaz.cz\/2022\/wp-content\/uploads\/2022\/06\/Naty-768x576.jpeg 768w, https:\/\/zlomvaz.cz\/2022\/wp-content\/uploads\/2022\/06\/Naty-1536x1152.jpeg 1536w, https:\/\/zlomvaz.cz\/2022\/wp-content\/uploads\/2022\/06\/Naty-2048x1536.jpeg 2048w, https:\/\/zlomvaz.cz\/2022\/wp-content\/uploads\/2022\/06\/Naty-1568x1176.jpeg 1568w\" sizes=\"auto, (max-width: 1024px) 100vw, 1024px\" \/><\/figure><div class=\"wp-block-media-text__content\">\n<p class=\"has-large-font-size\"><strong>Nat\u00e1lie Bulvasov\u00e1<\/strong><\/p>\n\n\n\n<p class=\"has-large-font-size\">KTK DAMU<\/p>\n\n\n\n<p class=\"has-large-font-size\">\u201eMobiln\u00ed hra Subway surfers a obl\u00edben\u00fd podcast \u010di audiokniha do u\u0161\u00ed (dob\u0159\u00ed hr\u00e1\u010di zvl\u00e1dnou i ji\u017e t\u0159icetkr\u00e1t zhl\u00e9dl\u00fd sitcom jako obraz v obrazu) \u2014 relax, kter\u00fd si m\u016f\u017eete dop\u0159\u00e1t kdykoliv a kdekoliv!\u201d<\/p>\n<\/div><\/div>\n\n\n\n<div class=\"wp-block-media-text alignwide is-stacked-on-mobile\"><figure class=\"wp-block-media-text__media\"><img loading=\"lazy\" decoding=\"async\" width=\"1024\" height=\"768\" src=\"https:\/\/zlomvaz.cz\/2022\/wp-content\/uploads\/2022\/06\/Eliska-1024x768.jpg\" alt=\"\" class=\"wp-image-962 size-full\" srcset=\"https:\/\/zlomvaz.cz\/2022\/wp-content\/uploads\/2022\/06\/Eliska-1024x768.jpg 1024w, https:\/\/zlomvaz.cz\/2022\/wp-content\/uploads\/2022\/06\/Eliska-300x225.jpg 300w, https:\/\/zlomvaz.cz\/2022\/wp-content\/uploads\/2022\/06\/Eliska-768x576.jpg 768w, https:\/\/zlomvaz.cz\/2022\/wp-content\/uploads\/2022\/06\/Eliska-1536x1152.jpg 1536w, https:\/\/zlomvaz.cz\/2022\/wp-content\/uploads\/2022\/06\/Eliska-2048x1536.jpg 2048w, https:\/\/zlomvaz.cz\/2022\/wp-content\/uploads\/2022\/06\/Eliska-1568x1176.jpg 1568w\" sizes=\"auto, (max-width: 1024px) 100vw, 1024px\" \/><\/figure><div class=\"wp-block-media-text__content\">\n<p class=\"has-large-font-size\"><strong>Eli\u0161ka Hankovcov\u00e1<\/strong><\/p>\n\n\n\n<p class=\"has-large-font-size\">KTK DAMU<\/p>\n\n\n\n<p class=\"has-large-font-size\">\u201eDejte si dvacetiminutov\u00fdho \u0161lof\u00edka (anebo t\u0159\u00edhodinov\u00fdho, sp\u00e1nek je l\u00e9k!).\u201d<\/p>\n<\/div><\/div>\n\n\n\n<div class=\"wp-block-media-text alignwide is-stacked-on-mobile\"><figure class=\"wp-block-media-text__media\"><img loading=\"lazy\" decoding=\"async\" width=\"1024\" height=\"767\" src=\"https:\/\/zlomvaz.cz\/2022\/wp-content\/uploads\/2022\/06\/Majda--1024x767.png\" alt=\"\" class=\"wp-image-958 size-medium\" srcset=\"https:\/\/zlomvaz.cz\/2022\/wp-content\/uploads\/2022\/06\/Majda--1024x767.png 1024w, https:\/\/zlomvaz.cz\/2022\/wp-content\/uploads\/2022\/06\/Majda--300x225.png 300w, https:\/\/zlomvaz.cz\/2022\/wp-content\/uploads\/2022\/06\/Majda--768x575.png 768w, https:\/\/zlomvaz.cz\/2022\/wp-content\/uploads\/2022\/06\/Majda-.png 1200w\" sizes=\"auto, (max-width: 1024px) 100vw, 1024px\" \/><\/figure><div class=\"wp-block-media-text__content\">\n<p class=\"has-large-font-size\"><strong>Magdalena Jirk\u016f <br><\/strong><br>KDV FF UK <br><br>\u201eTepl\u00e1 voda, vychlazen\u00fd v\u00edno a \u017e\u00e1dnej mobil. Tv\u016fj novej ritu\u00e1l na ka\u017edej ve\u010der. Nen\u00ed za\u010d.\u2665\u201c<br><br><\/p>\n<\/div><\/div>\n\n\n\n<div class=\"wp-block-media-text alignwide is-stacked-on-mobile\"><figure class=\"wp-block-media-text__media\"><img loading=\"lazy\" decoding=\"async\" width=\"1024\" height=\"768\" src=\"https:\/\/zlomvaz.cz\/2022\/wp-content\/uploads\/2022\/06\/Verca-Mackova-1024x768.jpeg\" alt=\"\" class=\"wp-image-964 size-full\" srcset=\"https:\/\/zlomvaz.cz\/2022\/wp-content\/uploads\/2022\/06\/Verca-Mackova-1024x768.jpeg 1024w, https:\/\/zlomvaz.cz\/2022\/wp-content\/uploads\/2022\/06\/Verca-Mackova-300x225.jpeg 300w, https:\/\/zlomvaz.cz\/2022\/wp-content\/uploads\/2022\/06\/Verca-Mackova-768x576.jpeg 768w, https:\/\/zlomvaz.cz\/2022\/wp-content\/uploads\/2022\/06\/Verca-Mackova.jpeg 1200w\" sizes=\"auto, (max-width: 1024px) 100vw, 1024px\" \/><\/figure><div class=\"wp-block-media-text__content\">\n<p class=\"has-large-font-size\"><strong>Veronika Mackov\u00e1 <\/strong><\/p>\n\n\n\n<p class=\"has-large-font-size\">KDV FF UK<\/p>\n\n\n\n<p class=\"has-large-font-size\">\u201eJdi na proch\u00e1zku, sedni si na lavi\u010dku v parku a d\u00edvej se do korun strom\u016f. Nebo si pus\u0165 libovolnou bollywoodskou komedii.\u201d<\/p>\n<\/div><\/div>\n\n\n\n<div class=\"wp-block-media-text alignwide is-stacked-on-mobile\"><figure class=\"wp-block-media-text__media\"><img loading=\"lazy\" decoding=\"async\" width=\"1024\" height=\"768\" src=\"https:\/\/zlomvaz.cz\/2022\/wp-content\/uploads\/2022\/06\/Verca-1024x768.jpg\" alt=\"\" class=\"wp-image-961 size-full\" srcset=\"https:\/\/zlomvaz.cz\/2022\/wp-content\/uploads\/2022\/06\/Verca-1024x768.jpg 1024w, https:\/\/zlomvaz.cz\/2022\/wp-content\/uploads\/2022\/06\/Verca-300x225.jpg 300w, https:\/\/zlomvaz.cz\/2022\/wp-content\/uploads\/2022\/06\/Verca-768x576.jpg 768w, https:\/\/zlomvaz.cz\/2022\/wp-content\/uploads\/2022\/06\/Verca-1536x1152.jpg 1536w, https:\/\/zlomvaz.cz\/2022\/wp-content\/uploads\/2022\/06\/Verca-2048x1536.jpg 2048w, https:\/\/zlomvaz.cz\/2022\/wp-content\/uploads\/2022\/06\/Verca-1568x1176.jpg 1568w\" sizes=\"auto, (max-width: 1024px) 100vw, 1024px\" \/><\/figure><div class=\"wp-block-media-text__content\">\n<p class=\"has-large-font-size\"><strong>Veronika P\u00e1n\u00edkov\u00e1 <\/strong><\/p>\n\n\n\n<p class=\"has-large-font-size\">KT HAMU<\/p>\n\n\n\n<p class=\"has-large-font-size\">\u201eZa nejv\u011bt\u0161\u00ed relax pova\u017euju mazlen\u00ed. S pejsky, ko\u010dkami, s d\u011btmi, rodi\u010di, kamar\u00e1dy, s rodi\u010di kamar\u00e1d\u016f, s partnery, s kamar\u00e1dy partner\u016f\u2026 Mazlen\u00ed nen\u00ed nikdy dost. Nesty\u010fte se, pomazlete se a vyvolejte oxytocin je\u0161t\u011b dnes.\u201d<\/p>\n<\/div><\/div>\n\n\n\n<div class=\"wp-block-media-text alignwide is-stacked-on-mobile\"><figure class=\"wp-block-media-text__media\"><img loading=\"lazy\" decoding=\"async\" width=\"1024\" height=\"769\" src=\"https:\/\/zlomvaz.cz\/2022\/wp-content\/uploads\/2022\/06\/Kacka-1024x769.jpeg\" alt=\"\" class=\"wp-image-960 size-full\" srcset=\"https:\/\/zlomvaz.cz\/2022\/wp-content\/uploads\/2022\/06\/Kacka-1024x769.jpeg 1024w, https:\/\/zlomvaz.cz\/2022\/wp-content\/uploads\/2022\/06\/Kacka-300x225.jpeg 300w, https:\/\/zlomvaz.cz\/2022\/wp-content\/uploads\/2022\/06\/Kacka-768x576.jpeg 768w, https:\/\/zlomvaz.cz\/2022\/wp-content\/uploads\/2022\/06\/Kacka-1536x1153.jpeg 1536w, https:\/\/zlomvaz.cz\/2022\/wp-content\/uploads\/2022\/06\/Kacka-1568x1177.jpeg 1568w, https:\/\/zlomvaz.cz\/2022\/wp-content\/uploads\/2022\/06\/Kacka.jpeg 1636w\" sizes=\"auto, (max-width: 1024px) 100vw, 1024px\" \/><\/figure><div class=\"wp-block-media-text__content\">\n<p class=\"has-large-font-size\"><strong>Kate\u0159ina St\u00fcndlov\u00e1<\/strong><\/p>\n\n\n\n<p class=\"has-large-font-size\">FF MU a DF JAMU <\/p>\n\n\n\n<p class=\"has-large-font-size\">\u201eP\u00e1r temp v nejbli\u017e\u0161\u00edm rybn\u00edku, lango\u0161 s \u010desnekem a ke\u010dupem, vyslunit se na molu a pustit si n\u011bjak\u00fd bangery do sluch\u00e1tek, day off.\u201d<\/p>\n<\/div><\/div>\n\n\n\n<div class=\"wp-block-media-text alignwide is-stacked-on-mobile\"><figure class=\"wp-block-media-text__media\"><img loading=\"lazy\" decoding=\"async\" width=\"1024\" height=\"768\" src=\"https:\/\/zlomvaz.cz\/2022\/wp-content\/uploads\/2022\/06\/Vojta-1024x768.jpg\" alt=\"\" class=\"wp-image-963 size-full\" srcset=\"https:\/\/zlomvaz.cz\/2022\/wp-content\/uploads\/2022\/06\/Vojta-1024x768.jpg 1024w, https:\/\/zlomvaz.cz\/2022\/wp-content\/uploads\/2022\/06\/Vojta-300x225.jpg 300w, https:\/\/zlomvaz.cz\/2022\/wp-content\/uploads\/2022\/06\/Vojta-768x576.jpg 768w, https:\/\/zlomvaz.cz\/2022\/wp-content\/uploads\/2022\/06\/Vojta-1536x1152.jpg 1536w, https:\/\/zlomvaz.cz\/2022\/wp-content\/uploads\/2022\/06\/Vojta-2048x1536.jpg 2048w, https:\/\/zlomvaz.cz\/2022\/wp-content\/uploads\/2022\/06\/Vojta-1568x1176.jpg 1568w\" sizes=\"auto, (max-width: 1024px) 100vw, 1024px\" \/><\/figure><div class=\"wp-block-media-text__content\">\n<p class=\"has-large-font-size\"><strong>Vojt\u011bch Voska <\/strong><\/p>\n\n\n\n<p class=\"has-large-font-size\">KTK DAMU <\/p>\n\n\n\n<p class=\"has-large-font-size\">\u201eLy\u017eov\u00e1n\u00ed a lanovky. Nejl\u00edp o samot\u011b. Majn ski iz gut prp\u00e9rd.\u201d<\/p>\n<\/div><\/div>\n\n\n\n<div class=\"wp-block-media-text alignwide is-stacked-on-mobile\"><figure class=\"wp-block-media-text__media\"><img loading=\"lazy\" decoding=\"async\" width=\"998\" height=\"748\" src=\"https:\/\/zlomvaz.cz\/2022\/wp-content\/uploads\/2022\/06\/Tobias.jpg\" alt=\"\" class=\"wp-image-999 size-full\" srcset=\"https:\/\/zlomvaz.cz\/2022\/wp-content\/uploads\/2022\/06\/Tobias.jpg 998w, https:\/\/zlomvaz.cz\/2022\/wp-content\/uploads\/2022\/06\/Tobias-300x225.jpg 300w, https:\/\/zlomvaz.cz\/2022\/wp-content\/uploads\/2022\/06\/Tobias-768x576.jpg 768w\" sizes=\"auto, (max-width: 998px) 100vw, 998px\" \/><\/figure><div class=\"wp-block-media-text__content\">\n<p class=\"has-large-font-size\"><strong>Tobi\u00e1\u0161 Waller<\/strong><\/p>\n\n\n\n<p class=\"has-large-font-size\">KTK DAMU<\/p>\n\n\n\n<p class=\"has-large-font-size\">\u201e\u017d\u00e1dn\u00fd lidi, \u017e\u00e1dnej hluk, \u017e\u00e1dnej stres, mobil daleko, podcast o zlo\u010dinech nebo snov\u00e1 ambientn\u00ed hudba, hektolitry zelen\u00fdho \u010daje, cig\u00e1ro a deka i kdy\u017e je vedro. P\u0159id\u00e1te-li k\u0159\u00ed\u017eovky, du\u0161evn\u00ed pohoda zaji\u0161t\u011bna prvot\u0159\u00eddn\u011b!\u201d<\/p>\n<\/div><\/div>\n\n\n\n<div class=\"wp-block-media-text alignwide is-stacked-on-mobile\"><figure class=\"wp-block-media-text__media\"><img loading=\"lazy\" decoding=\"async\" width=\"1024\" height=\"769\" src=\"https:\/\/zlomvaz.cz\/2022\/wp-content\/uploads\/2022\/06\/IMG_5303-1024x769.jpeg\" alt=\"\" class=\"wp-image-1010 size-full\" srcset=\"https:\/\/zlomvaz.cz\/2022\/wp-content\/uploads\/2022\/06\/IMG_5303-1024x769.jpeg 1024w, https:\/\/zlomvaz.cz\/2022\/wp-content\/uploads\/2022\/06\/IMG_5303-300x225.jpeg 300w, https:\/\/zlomvaz.cz\/2022\/wp-content\/uploads\/2022\/06\/IMG_5303-768x577.jpeg 768w, https:\/\/zlomvaz.cz\/2022\/wp-content\/uploads\/2022\/06\/IMG_5303-1536x1154.jpeg 1536w, https:\/\/zlomvaz.cz\/2022\/wp-content\/uploads\/2022\/06\/IMG_5303-2048x1539.jpeg 2048w, https:\/\/zlomvaz.cz\/2022\/wp-content\/uploads\/2022\/06\/IMG_5303-1568x1178.jpeg 1568w\" sizes=\"auto, (max-width: 1024px) 100vw, 1024px\" \/><\/figure><div class=\"wp-block-media-text__content\">\n<p class=\"has-large-font-size\"><strong>Ludmila Zaj\u00ed\u010dkov\u00e1<\/strong><\/p>\n\n\n\n<p class=\"has-large-font-size\">KTK DAMU<\/p>\n\n\n\n<p class=\"has-large-font-size\">\u201ePro m\u011b je relaxem byt\u00ed v&nbsp;p\u0159\u00edrod\u011b, se psem nebo v\u00ednem. Klidn\u011b ka\u017ed\u00fd zvl\u00e1\u0161\u0165, nebo dohromady. A taky je fajn si jenom tak lehnout a zhluboka se nadechnout. A je\u0161t\u011b lep\u0161\u00ed je le\u017eet v&nbsp;lese, koukat do nebe a \u010duchat v\u016fni lesa.\u201d<\/p>\n<\/div><\/div>\n\n\n\n<h2 class=\"wp-block-heading\">Speci\u00e1ln\u00ed host\u00e9 <\/h2>\n\n\n\n<div class=\"wp-block-media-text alignwide is-stacked-on-mobile\"><figure class=\"wp-block-media-text__media\"><img loading=\"lazy\" decoding=\"async\" width=\"668\" height=\"501\" src=\"https:\/\/zlomvaz.cz\/2022\/wp-content\/uploads\/2022\/06\/286047992_434056844820805_2924967099039027702_n.png\" alt=\"\" class=\"wp-image-993 size-full\" srcset=\"https:\/\/zlomvaz.cz\/2022\/wp-content\/uploads\/2022\/06\/286047992_434056844820805_2924967099039027702_n.png 668w, https:\/\/zlomvaz.cz\/2022\/wp-content\/uploads\/2022\/06\/286047992_434056844820805_2924967099039027702_n-300x225.png 300w\" sizes=\"auto, (max-width: 668px) 100vw, 668px\" \/><\/figure><div class=\"wp-block-media-text__content\">\n<p class=\"has-large-font-size\"><strong>Ji\u0159ina Barto\u0161<\/strong><\/p>\n\n\n\n<p class=\"has-large-font-size\">\u201eJedin\u00e1 svat\u00e1 trojice, ve kterou v\u011b\u0159\u00edm je Gaslight, Gatekeep, Girlboss. Jako re\u017eis\u00e9rka se pokou\u0161\u00edm nastavovat zrcadlo dne\u0161n\u00ed spole\u010dnosti. Jak \u0159\u00edkal Aristoteles &#8211; \u201ein vino veritas\u201c, tak mi nalej dal\u0161\u00ed sklenku! Bez rann\u00edho flatwhitu ani r\u00e1n(o)u!\u201d<\/p>\n<\/div><\/div>\n\n\n\n<div class=\"wp-block-media-text alignwide is-stacked-on-mobile\"><figure class=\"wp-block-media-text__media\"><img loading=\"lazy\" decoding=\"async\" width=\"1024\" height=\"768\" src=\"https:\/\/zlomvaz.cz\/2022\/wp-content\/uploads\/2022\/06\/R1-07346-0009-1-1024x768.jpg\" alt=\"\" class=\"wp-image-997 size-full\" srcset=\"https:\/\/zlomvaz.cz\/2022\/wp-content\/uploads\/2022\/06\/R1-07346-0009-1-1024x768.jpg 1024w, https:\/\/zlomvaz.cz\/2022\/wp-content\/uploads\/2022\/06\/R1-07346-0009-1-300x225.jpg 300w, https:\/\/zlomvaz.cz\/2022\/wp-content\/uploads\/2022\/06\/R1-07346-0009-1-768x576.jpg 768w, https:\/\/zlomvaz.cz\/2022\/wp-content\/uploads\/2022\/06\/R1-07346-0009-1-1536x1152.jpg 1536w, https:\/\/zlomvaz.cz\/2022\/wp-content\/uploads\/2022\/06\/R1-07346-0009-1-1568x1176.jpg 1568w, https:\/\/zlomvaz.cz\/2022\/wp-content\/uploads\/2022\/06\/R1-07346-0009-1.jpg 1637w\" sizes=\"auto, (max-width: 1024px) 100vw, 1024px\" \/><\/figure><div class=\"wp-block-media-text__content\">\n<div class=\"wp-block-group is-vertical is-layout-flex wp-container-core-group-is-layout-8cf370e7 wp-block-group-is-layout-flex\">\n<p class=\"has-large-font-size\"><strong>Vincent Ofterdingen<\/strong><\/p>\n\n\n\n<p>\u201eJsem b\u00e1sn\u00edkem. A v\u00edm, jak\u00e9 to je j\u00edm b\u00fdti. Poznal jsem t\u00e9\u017e lyri\u010dno divadla, s n\u00edm l\u00e9pe se d\u00e1 \u017e\u00edti. Jsem citliv jak k divadlu, tak k poesii. V\u0161e, co jest v divadle moment\u00e1ln\u011b pokl\u00e1d\u00e1no za progresivn\u00ed, jest pouh\u00fdm ornamentem zla bez hlub\u0161\u00edch v\u00fdznam\u016f. Nebr\u00e1n\u00edm se \u010dack\u00fdm po\u010din\u016fm v divadeln\u00edch luz\u00edch a h\u00e1j\u00edch, an\u017eto jsem ml\u00e1d, neboj\u00edm se nov\u00e9ho, le\u010d\u2026 Jak\u00fd obsah v sob\u011b na jevi\u0161ti nese bezv\u00fdznamn\u00e9 hlazen\u00ed rostlinstva, je\u017e se zove ficus benjamina? Plytkost. Plytkost a zmar toho, co sebe samo naz\u00fdv\u00e1 divadlem alternativn\u00edm. Je nutno vytvo\u0159it vzdor. Antialternativn\u00ed divadlo nech\u0165 je na jevi\u0161t\u00edch novou vzpourou proti plytkosti. Jeden aby se z toho zast\u0159elil. V\u011bru\u2026 A relax? Um\u0159\u00edt.\u201d<\/p>\n<\/div>\n<\/div><\/div>\n\n\n\n<h2 class=\"wp-block-heading\">Jazykov\u00e9 korektury <\/h2>\n\n\n\n<p class=\"has-large-font-size\"><strong>Pavl\u00edna Barillov\u00e1 <\/strong><\/p>\n\n\n\n<p class=\"has-large-font-size\"><strong>Pavla Kare\u0161ov\u00e1<\/strong><\/p>\n\n\n\n<h2 class=\"wp-block-heading\">P\u0159eklady<\/h2>\n\n\n\n<p class=\"has-large-font-size\"><strong>Karol\u00edna Pr\u016f\u0161ov\u00e1<\/strong><\/p>\n","protected":false},"excerpt":{"rendered":"<p>Obratel je festivalov\u00fd zpravodaj pod z\u00e1\u0161titou studentek druh\u00e9ho ro\u010dn\u00edku Katedry teorie a kritiky na DAMU. Autorsk\u00fd okruh propojuje studenty AMU, V\u0160MU, UK a MUNI. Krom recenz\u00ed z divadeln\u00ed p\u0159ehl\u00eddky p\u0159ipravujeme&hellip; <a class=\"more-link\" href=\"https:\/\/zlomvaz.cz\/2022\/obratel\/redakce\/\">Pokra\u010dovat ve\u00a0\u010dten\u00ed <span class=\"screen-reader-text\">Redakce<\/span><\/a><\/p>\n","protected":false},"author":3,"featured_media":0,"parent":17,"menu_order":5,"comment_status":"closed","ping_status":"closed","template":"","meta":{"_uag_custom_page_level_css":"","footnotes":""},"class_list":["post-847","page","type-page","status-publish","hentry","entry"],"uagb_featured_image_src":{"full":false,"thumbnail":false,"medium":false,"medium_large":false,"large":false,"1536x1536":false,"2048x2048":false,"post-thumbnail":false,"sow-carousel-default":false},"uagb_author_info":{"display_name":"Krist\u00fdna Vina\u0159ov\u00e1","author_link":"https:\/\/zlomvaz.cz\/2022\/author\/kristyna\/"},"uagb_comment_info":0,"uagb_excerpt":"Obratel je festivalov\u00fd zpravodaj pod z\u00e1\u0161titou studentek druh\u00e9ho ro\u010dn\u00edku Katedry teorie a kritiky na DAMU. Autorsk\u00fd okruh propojuje studenty AMU, V\u0160MU, UK a MUNI. Krom recenz\u00ed z divadeln\u00ed p\u0159ehl\u00eddky p\u0159ipravujeme&hellip; Pokra\u010dovat ve\u00a0\u010dten\u00ed Redakce","_links":{"self":[{"href":"https:\/\/zlomvaz.cz\/2022\/wp-json\/wp\/v2\/pages\/847","targetHints":{"allow":["GET"]}}],"collection":[{"href":"https:\/\/zlomvaz.cz\/2022\/wp-json\/wp\/v2\/pages"}],"about":[{"href":"https:\/\/zlomvaz.cz\/2022\/wp-json\/wp\/v2\/types\/page"}],"author":[{"embeddable":true,"href":"https:\/\/zlomvaz.cz\/2022\/wp-json\/wp\/v2\/users\/3"}],"replies":[{"embeddable":true,"href":"https:\/\/zlomvaz.cz\/2022\/wp-json\/wp\/v2\/comments?post=847"}],"version-history":[{"count":46,"href":"https:\/\/zlomvaz.cz\/2022\/wp-json\/wp\/v2\/pages\/847\/revisions"}],"predecessor-version":[{"id":1189,"href":"https:\/\/zlomvaz.cz\/2022\/wp-json\/wp\/v2\/pages\/847\/revisions\/1189"}],"up":[{"embeddable":true,"href":"https:\/\/zlomvaz.cz\/2022\/wp-json\/wp\/v2\/pages\/17"}],"wp:attachment":[{"href":"https:\/\/zlomvaz.cz\/2022\/wp-json\/wp\/v2\/media?parent=847"}],"curies":[{"name":"wp","href":"https:\/\/api.w.org\/{rel}","templated":true}]}}