{"id":19,"date":"2022-04-14T12:58:15","date_gmt":"2022-04-14T10:58:15","guid":{"rendered":"http:\/\/zlomvaz2022\/?page_id=19"},"modified":"2022-06-01T12:39:11","modified_gmt":"2022-06-01T10:39:11","slug":"prakticke","status":"publish","type":"page","link":"https:\/\/zlomvaz.cz\/2022\/prakticke\/","title":{"rendered":"Praktick\u00e9"},"content":{"rendered":"\n<h2 class=\"wp-block-heading\">Infocentrum<\/h2>\n\n\n\n<p>V pr\u016fb\u011bhu festivalu v\u00e1m se v\u0161\u00edm porad\u00edme a vyjdeme vst\u0159\u00edc v infocentru.&nbsp;<\/p>\n\n\n\n<p>Je um\u00edst\u011bn\u00e9 ve <strong>foyer divadla DISK<\/strong> a je otev\u0159en\u00e9 <strong>ka\u017ed\u00fd festivalov\u00fd den od 9:00 do 21:00.<\/strong><\/p>\n\n\n\n<p>Dostavte se do infocentra pokud:<\/p>\n\n\n\n<ul class=\"wp-block-list\"><li>si chcete koupit vstupenku<\/li><li>m\u00e1te koupenou jakoukoliv akreditaci<\/li><li>jste na\u0161i VIP host\u00e9 a pr\u00e1v\u011b jste p\u0159ijeli na festival<\/li><li>jste \u00fa\u010dinkuj\u00edc\u00ed a pr\u00e1v\u011b jste p\u0159ijeli na festival<\/li><li>pot\u0159ebujete m\u00edt p\u0159ehled o programu festivalu<\/li><li>budete ztraceni, nebudete si v\u011bd\u011bt rady<\/li><\/ul>\n\n\n\n<h2 class=\"wp-block-heading\">Vstupenky<\/h2>\n\n\n\n<p>Vstupenky na jednotliv\u00e9 festivalov\u00e9 akce je mo\u017en\u00e9 koupit <a href=\"https:\/\/zlomvaz.cz\/2022\/akce\/\" data-type=\"URL\" data-id=\"https:\/\/zlomvaz.cz\/2022\/akce\/\" target=\"_blank\" rel=\"noreferrer noopener\">zde<\/a><\/p>\n\n\n\n<p>V pr\u016fb\u011bhu festivalu je mo\u017en\u00e9 vstupenky zakoupit i v infocentru a to v\u017edy do za\u010d\u00e1tku p\u0159edstaven\u00ed nebo do napln\u011bn\u00ed kapacity.<\/p>\n\n\n\n<p>Na v\u0161echna divadeln\u00ed p\u0159edstaven\u00ed je mo\u017en\u00e9 si koupit <strong>zv\u00fdhodn\u011bnou vstupenku.<\/strong> Ta je ur\u010dena pouze pro dr\u017eitele studentsk\u00e9ho pr\u016fkazu ISIC a pro osoby star\u0161\u00ed 65ti let. V p\u0159\u00edpad\u011b zakoupen\u00ed t\u00e9to vstupenky budete p\u0159i vstupu do s\u00e1lu po\u017e\u00e1d\u00e1ni o p\u0159edlo\u017een\u00ed sv\u00e9ho ISIC pr\u016fkazu.<\/p>\n\n\n\n<p><strong>N\u011bkter\u00e9 \u010d\u00e1sti festivalov\u00e9ho programu, zejm\u00e9na workshopy, jsou zdarma, ale p\u0159esto je nutn\u00e9 se na n\u011b kv\u016fli omezen\u00e9 kapacit\u011b rezervovat.<\/strong> Sv\u00e9 m\u00edsto si rezervujete \u201cnakoupen\u00edm\u201d vstupenky za 0k\u010d. Odkaz na prodej vstupenek najdete na webu v programu u ka\u017ed\u00e9ho p\u0159edstaven\u00ed\/workshopu\/p\u00e1rty.<\/p>\n\n\n\n<h2 class=\"wp-block-heading\">Akreditace<\/h2>\n\n\n\n<p>Na festival si m\u016f\u017eete zakoupit akreditaci <strong>celofestivalovou<\/strong> nebo <strong>celodenn\u00ed<\/strong> a to p\u0159\u00edmo <a rel=\"noreferrer noopener\" href=\"https:\/\/www.goforboom.com\/cs\/events\/zlomvaz-wellness-festival-damu\" data-type=\"URL\" data-id=\"https:\/\/www.goforboom.com\/cs\/events\/zlomvaz-wellness-festival-damu\" target=\"_blank\">zde<\/a>.<\/p>\n\n\n\n<p>V cen\u011b celofestivalov\u00fdch akreditac\u00ed jsou zahrnut\u00e9 vstupy na ve\u0161ker\u00fd festivalov\u00fd program krom\u011b workshop\u016f.<\/p>\n\n\n\n<p>V cen\u011b jednodenn\u00edch akreditac\u00ed jsou zahrnuty v\u0161echny vstupy na ve\u0161ker\u00fd festivalov\u00fd program v ten dan\u00fd den, na kter\u00fd je akreditace ur\u010dena, krom\u011b workshop\u016f.<\/p>\n\n\n\n<p><strong>Se zakoupenou akreditac\u00ed se pros\u00edm p\u0159i p\u0159\u00edchodu na festival dostavte na infost\u00e1nek, kde v\u00e1m bude vyd\u00e1na akredita\u010dn\u00ed p\u00e1ska.<\/strong><\/p>\n\n\n\n<p>Akreditace nem\u00e1 p\u0159ednost p\u0159ed p\u0159\u00edmo zakoupenou vstupenkou na dan\u00e9 p\u0159edstaven\u00ed. Div\u00e1k se vstupenkou bude u vstupu do s\u00e1lu up\u0159ednostn\u011bn p\u0159ed div\u00e1kem s akreditac\u00ed.<\/p>\n\n\n\n<h2 class=\"wp-block-heading\">Bary<\/h2>\n\n\n\n<p><strong>Bary na Zlomvaze bude zaji\u0161\u0165ovat kulturn\u00ed kav\u00e1rna <a href=\"https:\/\/www.potrva.cz\/cs\/\" data-type=\"URL\" data-id=\"https:\/\/www.potrva.cz\/cs\/\" target=\"_blank\" rel=\"noreferrer noopener\">POTRV\u00c1.<\/a><\/strong><\/p>\n\n\n\n<p>Hlavn\u00ed bar najdete <strong>na st\u0159e\u0161e<\/strong> <strong>DISKu<\/strong> a dal\u0161\u00ed ve Wellness z\u00f3n\u011b v <strong>R102<\/strong>!<\/p>\n\n\n\n<p>Otev\u00edrac\u00ed doba BAR NA ST\u0158E\u0160E<br>8. ST | 10:30 &#8211; 00:00<br>9. \u010cT | 14:00 &#8211; 00:00<br>10. P\u00c1 | 14:00 &#8211; 00:00<br>11. SO | 14:00 &#8211; 22:00<\/p>\n\n\n\n<p>Otev\u00edrac\u00ed doba WELLNESS BAR<br>8.ST | 16:00 &#8211; 02:00<br>9. \u010cT | 15:00 &#8211; 02:00<br>10. P\u00c1 | zav\u0159eno<br>11. SO | zav\u0159eno<\/p>\n\n\n\n<p>T\u011b\u0161it se m\u016f\u017eete na Vinohradskou 11, limon\u00e1dy, letn\u00ed drinky a ost\u0159\u00edlen\u00e9 barmany, kter\u00fdm to nePOTRV\u00c1. Kav\u00e1rna m\u00e1 ji\u017e zku\u0161enost s venkovn\u00edmi bary na festivalu Boskovice nebo Anifilm.<\/p>\n\n\n<div class=\"wp-block-image\">\n<figure class=\"aligncenter size-full\"><img loading=\"lazy\" decoding=\"async\" width=\"600\" height=\"425\" src=\"https:\/\/zlomvaz.cz\/2022\/wp-content\/uploads\/2022\/05\/10-1.jpg\" alt=\"\" class=\"wp-image-729\" srcset=\"https:\/\/zlomvaz.cz\/2022\/wp-content\/uploads\/2022\/05\/10-1.jpg 600w, https:\/\/zlomvaz.cz\/2022\/wp-content\/uploads\/2022\/05\/10-1-300x213.jpg 300w\" sizes=\"auto, (max-width: 600px) 100vw, 600px\" \/><\/figure>\n<\/div>\n\n\n<h2 class=\"wp-block-heading\">N\u011bco na zub<\/h2>\n\n\n\n<p><strong>Ob\u010derstven\u00ed na Zlomvaze bude zaji\u0161\u0165ovat KAREL<\/strong>.<\/p>\n\n\n\n<p>Karel nen\u00ed jen epesn\u00ed jm\u00e9no, ale i velechutn\u00fd ch\u00e1lky a b\u011bhem tv\u00fdho nadupan\u00fdho festivalov\u00fdho programu ti pom\u016f\u017ee neum\u0159\u00edt hlady. Karel na v\u00e1s bude \u010dekat na <strong>st\u0159e\u0161e DISKu<\/strong>, hned pod p\u00f3diem. <\/p>\n\n\n\n<p>Otev\u00edrac\u00ed doba<br>8. ST | 13:00 &#8211; 00:00 <br>9. \u010cT | 13:00 &#8211; 00:00 <br>10. P\u00c1 | 12:00 &#8211; 22:00 <br>11. SO | 13:00 &#8211; 18:00<\/p>\n\n\n\n<p><\/p>\n\n\n\n<figure class=\"wp-block-gallery has-nested-images columns-default is-cropped wp-block-gallery-1 is-layout-flex wp-block-gallery-is-layout-flex\">\n<figure class=\"wp-block-image size-large\"><img loading=\"lazy\" decoding=\"async\" width=\"1024\" height=\"768\" data-id=\"688\" src=\"https:\/\/zlomvaz.cz\/2022\/wp-content\/uploads\/2022\/05\/kyberdrip_5-1024x768.jpg\" alt=\"\" class=\"wp-image-688\" srcset=\"https:\/\/zlomvaz.cz\/2022\/wp-content\/uploads\/2022\/05\/kyberdrip_5-1024x768.jpg 1024w, https:\/\/zlomvaz.cz\/2022\/wp-content\/uploads\/2022\/05\/kyberdrip_5-300x225.jpg 300w, https:\/\/zlomvaz.cz\/2022\/wp-content\/uploads\/2022\/05\/kyberdrip_5-768x576.jpg 768w, https:\/\/zlomvaz.cz\/2022\/wp-content\/uploads\/2022\/05\/kyberdrip_5-1536x1152.jpg 1536w, https:\/\/zlomvaz.cz\/2022\/wp-content\/uploads\/2022\/05\/kyberdrip_5-1568x1176.jpg 1568w, https:\/\/zlomvaz.cz\/2022\/wp-content\/uploads\/2022\/05\/kyberdrip_5.jpg 1920w\" sizes=\"auto, (max-width: 1024px) 100vw, 1024px\" \/><\/figure>\n\n\n\n<figure class=\"wp-block-image size-large\"><img loading=\"lazy\" decoding=\"async\" width=\"1024\" height=\"683\" data-id=\"689\" src=\"https:\/\/zlomvaz.cz\/2022\/wp-content\/uploads\/2022\/05\/kyberdrip_7-1024x683.jpg\" alt=\"\" class=\"wp-image-689\" srcset=\"https:\/\/zlomvaz.cz\/2022\/wp-content\/uploads\/2022\/05\/kyberdrip_7-1024x683.jpg 1024w, https:\/\/zlomvaz.cz\/2022\/wp-content\/uploads\/2022\/05\/kyberdrip_7-300x200.jpg 300w, https:\/\/zlomvaz.cz\/2022\/wp-content\/uploads\/2022\/05\/kyberdrip_7-768x512.jpg 768w, https:\/\/zlomvaz.cz\/2022\/wp-content\/uploads\/2022\/05\/kyberdrip_7-1536x1024.jpg 1536w, https:\/\/zlomvaz.cz\/2022\/wp-content\/uploads\/2022\/05\/kyberdrip_7-1568x1045.jpg 1568w, https:\/\/zlomvaz.cz\/2022\/wp-content\/uploads\/2022\/05\/kyberdrip_7-272x182.jpg 272w, https:\/\/zlomvaz.cz\/2022\/wp-content\/uploads\/2022\/05\/kyberdrip_7.jpg 1920w\" sizes=\"auto, (max-width: 1024px) 100vw, 1024px\" \/><\/figure>\n\n\n\n<figure class=\"wp-block-image size-large\"><img loading=\"lazy\" decoding=\"async\" width=\"1024\" height=\"641\" data-id=\"690\" src=\"https:\/\/zlomvaz.cz\/2022\/wp-content\/uploads\/2022\/05\/kyberdrip_2mm-1024x641.jpg\" alt=\"\" class=\"wp-image-690\" srcset=\"https:\/\/zlomvaz.cz\/2022\/wp-content\/uploads\/2022\/05\/kyberdrip_2mm-1024x641.jpg 1024w, https:\/\/zlomvaz.cz\/2022\/wp-content\/uploads\/2022\/05\/kyberdrip_2mm-300x188.jpg 300w, https:\/\/zlomvaz.cz\/2022\/wp-content\/uploads\/2022\/05\/kyberdrip_2mm-768x481.jpg 768w, https:\/\/zlomvaz.cz\/2022\/wp-content\/uploads\/2022\/05\/kyberdrip_2mm.jpg 1440w\" sizes=\"auto, (max-width: 1024px) 100vw, 1024px\" \/><\/figure>\n<\/figure>\n\n\n\n<h2 class=\"wp-block-heading\">Kudy k n\u00e1m<\/h2>\n\n\n\n<p>Starom\u011bstsk\u00e1 \u2013 linka metra A, tramvaje 2, 17, 18 (no\u010dn\u00ed 93, 97, 98), autobusy 194 a 207<\/p>\n\n\n\n<p>N\u00e1rodn\u00ed t\u0159\u00edda \u2013 linka metra B, tramvaje 22, 18, 9, 2 (no\u010dn\u00ed 93, 97, 98, 99)<\/p>\n\n\n\n<h2 class=\"wp-block-heading\">Kontakt<\/h2>\n\n\n\n<p>Barbora Jon\u00e1\u0161ov\u00e1<br><a href=\"mailto:info@zlomvaz.cz\" target=\"_blank\" rel=\"noreferrer noopener\">info@zlomvaz.cz<\/a><br>+ 420 732 370 841<\/p>\n","protected":false},"excerpt":{"rendered":"<p>Infocentrum V pr\u016fb\u011bhu festivalu v\u00e1m se v\u0161\u00edm porad\u00edme a vyjdeme vst\u0159\u00edc v infocentru.&nbsp; Je um\u00edst\u011bn\u00e9 ve foyer divadla DISK a je otev\u0159en\u00e9 ka\u017ed\u00fd festivalov\u00fd den od 9:00 do 21:00. Dostavte&hellip; <a class=\"more-link\" href=\"https:\/\/zlomvaz.cz\/2022\/prakticke\/\">Pokra\u010dovat ve\u00a0\u010dten\u00ed <span class=\"screen-reader-text\">Praktick\u00e9<\/span><\/a><\/p>\n","protected":false},"author":1,"featured_media":121,"parent":0,"menu_order":0,"comment_status":"closed","ping_status":"closed","template":"","meta":{"_uag_custom_page_level_css":"","footnotes":""},"class_list":["post-19","page","type-page","status-publish","has-post-thumbnail","hentry","entry"],"uagb_featured_image_src":{"full":["https:\/\/zlomvaz.cz\/2022\/wp-content\/uploads\/2022\/04\/zlomvaz_web_foto8-scaled.jpg",2560,1440,false],"thumbnail":["https:\/\/zlomvaz.cz\/2022\/wp-content\/uploads\/2022\/04\/zlomvaz_web_foto8-150x150.jpg",150,150,true],"medium":["https:\/\/zlomvaz.cz\/2022\/wp-content\/uploads\/2022\/04\/zlomvaz_web_foto8-300x169.jpg",300,169,true],"medium_large":["https:\/\/zlomvaz.cz\/2022\/wp-content\/uploads\/2022\/04\/zlomvaz_web_foto8-768x432.jpg",750,422,true],"large":["https:\/\/zlomvaz.cz\/2022\/wp-content\/uploads\/2022\/04\/zlomvaz_web_foto8-1024x576.jpg",750,422,true],"1536x1536":["https:\/\/zlomvaz.cz\/2022\/wp-content\/uploads\/2022\/04\/zlomvaz_web_foto8-1536x864.jpg",1536,864,true],"2048x2048":["https:\/\/zlomvaz.cz\/2022\/wp-content\/uploads\/2022\/04\/zlomvaz_web_foto8-2048x1152.jpg",2048,1152,true],"post-thumbnail":["https:\/\/zlomvaz.cz\/2022\/wp-content\/uploads\/2022\/04\/zlomvaz_web_foto8-1568x882.jpg",1568,882,true],"sow-carousel-default":["https:\/\/zlomvaz.cz\/2022\/wp-content\/uploads\/2022\/04\/zlomvaz_web_foto8-272x182.jpg",272,182,true]},"uagb_author_info":{"display_name":"symeon","author_link":"https:\/\/zlomvaz.cz\/2022\/author\/symeon\/"},"uagb_comment_info":0,"uagb_excerpt":"Infocentrum V pr\u016fb\u011bhu festivalu v\u00e1m se v\u0161\u00edm porad\u00edme a vyjdeme vst\u0159\u00edc v infocentru.&nbsp; Je um\u00edst\u011bn\u00e9 ve foyer divadla DISK a je otev\u0159en\u00e9 ka\u017ed\u00fd festivalov\u00fd den od 9:00 do 21:00. Dostavte&hellip; Pokra\u010dovat ve\u00a0\u010dten\u00ed Praktick\u00e9","_links":{"self":[{"href":"https:\/\/zlomvaz.cz\/2022\/wp-json\/wp\/v2\/pages\/19","targetHints":{"allow":["GET"]}}],"collection":[{"href":"https:\/\/zlomvaz.cz\/2022\/wp-json\/wp\/v2\/pages"}],"about":[{"href":"https:\/\/zlomvaz.cz\/2022\/wp-json\/wp\/v2\/types\/page"}],"author":[{"embeddable":true,"href":"https:\/\/zlomvaz.cz\/2022\/wp-json\/wp\/v2\/users\/1"}],"replies":[{"embeddable":true,"href":"https:\/\/zlomvaz.cz\/2022\/wp-json\/wp\/v2\/comments?post=19"}],"version-history":[{"count":26,"href":"https:\/\/zlomvaz.cz\/2022\/wp-json\/wp\/v2\/pages\/19\/revisions"}],"predecessor-version":[{"id":837,"href":"https:\/\/zlomvaz.cz\/2022\/wp-json\/wp\/v2\/pages\/19\/revisions\/837"}],"wp:featuredmedia":[{"embeddable":true,"href":"https:\/\/zlomvaz.cz\/2022\/wp-json\/wp\/v2\/media\/121"}],"wp:attachment":[{"href":"https:\/\/zlomvaz.cz\/2022\/wp-json\/wp\/v2\/media?parent=19"}],"curies":[{"name":"wp","href":"https:\/\/api.w.org\/{rel}","templated":true}]}}